{"id":17,"date":"2014-08-18T12:09:22","date_gmt":"2014-08-18T10:09:22","guid":{"rendered":"http:\/\/www.blue.pri.ee\/ttu\/?page_id=17"},"modified":"2026-01-21T14:36:02","modified_gmt":"2026-01-21T12:36:02","slug":"programmeerimine-ii","status":"publish","type":"page","link":"https:\/\/blue.pri.ee\/ttu\/programmeerimine-ii\/","title":{"rendered":"Programmeerimine II"},"content":{"rendered":"<p><strong>\u00d5ppeaine nimetus:<\/strong> Programmeerimine II<\/p>\n<p><strong>\u00d5ppeaine kood:<\/strong> IAX0584<\/p>\n<p><strong>Maht:<\/strong> 6EAP<\/p>\n<p><strong>L\u00f5pphinde komponendid ja skaala:<\/strong><\/p>\n<div class=\"su-row\">\n<div class=\"su-column su-column-size-1-2\"><div class=\"su-column-inner su-u-clearfix su-u-trim\">\n<p style=\"padding-left: 30px;\">500p eksam<br \/>\n250p kodut\u00f6\u00f6d<br \/>\n250p praktikum<br \/>\nboonuspunktid<\/p>\n<\/div><\/div>\n<div class=\"su-column su-column-size-1-2\"><div class=\"su-column-inner su-u-clearfix su-u-trim\">\n<p style=\"padding-left: 30px;\">&#8220;5&#8221; &#8211; 901p+<br \/>\n&#8220;4&#8221; &#8211; 801 &#8211; 900p<br \/>\n&#8220;3&#8221; &#8211; 701- 800p<br \/>\n&#8220;2&#8221; &#8211; 601- 700p<br \/>\n&#8220;1&#8221; &#8211; 501 &#8211; 600p<br \/>\n&#8220;0&#8221; &#8211; 0 &#8211; 500p<\/p>\n<\/div><\/div>\n<\/div>\n<p>\u00d5ppeaine sees toimub test, mis on osa eksamieeldusest. Testi hinnatakse 250p skaalas.<\/p>\n<p>Eksamieelduse saavutamiseks tuleb koguda v\u00e4hemalt 250p ehk 50% testi ja praktikumi kombineeritud punktisummast<\/p>\n<p>T\u00e4psema kirjelduse n\u00f5uetest ja hindamisest leiad esimese n\u00e4dala praktikumi sissejuhatavatelt slaididelt\u00a0[ <strong><a href=\"https:\/\/blue.pri.ee\/ttu\/laborid\/pr2-et\/pr2et1-viidad\/\">1. praktikum<\/a><\/strong> ]. Loengusalvestuse vastavast n\u00e4dalast leiad Moodlest.<\/p>\n<p>Alustamiseks oluliste viidete, keskkondade, juhiste jms jaoks vaata\u00a0<strong><a href=\"https:\/\/blue.pri.ee\/ttu\/programmeerimine-ii\/alusta-siit-programmeerimine-2\/\">[ alusta siit ]<\/a>\u00a0<\/strong>lehte<\/p>\n\n","protected":false},"excerpt":{"rendered":"<p>\u00d5ppeaine nimetus: Programmeerimine II \u00d5ppeaine kood: IAX0584 Maht: 6EAP L\u00f5pphinde komponendid ja skaala: \u00d5ppeaine sees toimub test, mis on osa eksamieeldusest. Testi hinnatakse 250p skaalas. Eksamieelduse saavutamiseks tuleb koguda v\u00e4hemalt 250p ehk 50% testi ja praktikumi kombineeritud punktisummast T\u00e4psema kirjelduse n\u00f5uetest ja hindamisest leiad esimese n\u00e4dala praktikumi sissejuhatavatelt slaididelt\u00a0[ 1. praktikum ]. Loengusalvestuse vastavast n\u00e4dalast &hellip; <a href=\"https:\/\/blue.pri.ee\/ttu\/programmeerimine-ii\/\" class=\"more-link\">Loe edasi <span class=\"screen-reader-text\">Programmeerimine II<\/span> <span class=\"meta-nav\">&rarr;<\/span><\/a><\/p>\n","protected":false},"author":1,"featured_media":0,"parent":0,"menu_order":10,"comment_status":"closed","ping_status":"closed","template":"page-templates\/code-width.php","meta":{"footnotes":""},"class_list":["post-17","page","type-page","status-publish","hentry"],"_links":{"self":[{"href":"https:\/\/blue.pri.ee\/ttu\/wp-json\/wp\/v2\/pages\/17","targetHints":{"allow":["GET"]}}],"collection":[{"href":"https:\/\/blue.pri.ee\/ttu\/wp-json\/wp\/v2\/pages"}],"about":[{"href":"https:\/\/blue.pri.ee\/ttu\/wp-json\/wp\/v2\/types\/page"}],"author":[{"embeddable":true,"href":"https:\/\/blue.pri.ee\/ttu\/wp-json\/wp\/v2\/users\/1"}],"replies":[{"embeddable":true,"href":"https:\/\/blue.pri.ee\/ttu\/wp-json\/wp\/v2\/comments?post=17"}],"version-history":[{"count":7,"href":"https:\/\/blue.pri.ee\/ttu\/wp-json\/wp\/v2\/pages\/17\/revisions"}],"predecessor-version":[{"id":11040,"href":"https:\/\/blue.pri.ee\/ttu\/wp-json\/wp\/v2\/pages\/17\/revisions\/11040"}],"wp:attachment":[{"href":"https:\/\/blue.pri.ee\/ttu\/wp-json\/wp\/v2\/media?parent=17"}],"curies":[{"name":"wp","href":"https:\/\/api.w.org\/{rel}","templated":true}]}}