{"id":7136,"date":"2022-08-26T15:58:43","date_gmt":"2022-08-26T13:58:43","guid":{"rendered":"https:\/\/blue.pri.ee\/ttu\/?page_id=7136"},"modified":"2025-09-29T22:25:29","modified_gmt":"2025-09-29T20:25:29","slug":"faq","status":"publish","type":"page","link":"https:\/\/blue.pri.ee\/ttu\/programming-i\/faq\/","title":{"rendered":"FAQ"},"content":{"rendered":"<section id='' \n                class='helpie-faq accordions faq-toggle' \n                data-collection='' \n                data-pagination='0' \n                data-search='0' \n                data-pagination-enabled='0'\n                role='region'\n                aria-label='FAQ Section'\n                aria-live='polite'><form class=\"search\" onSubmit=\"return false;\"><div class=\"search__wrapper\"><input type=\"text\" class=\"search__input\" aria-label=\"Search\" role=\"searchbox\" placeholder=\"Otsi\"><span class=\"search__icon\"><svg class=\"svg-icon--search\" role=\"img\" xmlns=\"http:\/\/www.w3.org\/2000\/svg\" viewBox=\"0 0 22 22\">\r\n                        <g fill=\"none\" stroke=\"#171717\">\r\n                            <path stroke-linecap=\"square\" stroke-width=\"2\" d=\"M18.5 18.3l-5.4-5.4\"\/>\r\n                            <circle cx=\"8\" cy=\"8\" r=\"7\" stroke-width=\"2\"\/>\r\n                        <\/g>\r\n                    <\/svg><\/span><\/div><div class=\"search__message\"><\/div><\/form><h3 class='accordion__heading accordion__category' id=\"accordion-header-term-125\" data-item=\"hfaq-term-125\" data-id=\"term-125\">Aine sisu, t\u00f6\u00f6vahendid<\/h3><article class=\"accordion \"><div class='helpie-faq-row'><div class='helpie-faq-col helpie-faq-col-12' ><ul><li class=\"accordion__item \"><div class=\"accordion__header \" \r\n                id=\"accordion-header-post-6037\"\r\n                role=\"button\"\r\n                aria-expanded=\"false\"\r\n                aria-controls=\"accordion-content-post-6037\"\r\n                data-id=\"post-6037\" \r\n                data-item=\"hfaq-post-6037\" \r\n                style=\"background:transparent;\" \r\n                data-tags=\"\"\r\n                tabindex=\"0\"><div class=\"accordion__title\">Kas Linuxit p\u00e4riselt ka kasutatakse?<\/div><\/div><div id=\"accordion-content-post-6037\" \r\n                class=\"accordion__body\" \r\n                role=\"region\"\r\n                aria-labelledby=\"accordion-header-post-6037\"\r\n                style=\"background:transparent;\"><p>Muidugi! Alati tuleb kasutada t\u00f6\u00f6vahendit, mis sobib konkreetse \u00fclesande jaoks k\u00f5ige paremini.\u00a0 Linux on t\u00f5en\u00e4oliselt maailmas enim kasutatud operatsioonis\u00fcsteem, kuid selle kasutusalad j\u00e4\u00e4vad tavalistele inimestele m\u00e4rkamatuks. Paraku pole v\u00f5imalik Linuxi kasutuse ulatust \u00fchegi statistikuga realistlikult hinnata.<\/p>\n<p>Tavalisel s\u00fclearvutil v\u00f5i lauaarvutil on domineerivaks Windows v\u00f5i MacOS ja need operatsioonis\u00fcsteemid sobivad t\u00f6\u00f6lauale \u00fcsna h\u00e4sti &#8211; lisaks harjumus aastatepikkuse kasutamisega.<\/p>\n<p>Linux domineerib n\u00e4iteks mikroarvutite ja seadmete vallas. V\u00e4ga laialt laialt levinud n\u00e4ide on n\u00e4iteks Raspberry Pi. Samuti v\u00e4ga suure t\u00f5en\u00e4osusega leiad sa Linuxi oma telefonist (kui sa kasutad Androidi), digiboksist, telekast, kodusest ruuterist jne.<\/p>\n<p>Samuti on Linux domineeriv serverite valdkonnas. Suurem osa veebi-, meili-, m\u00e4ngu- jt servereid kasutavad k\u00f5ik Linuxit. Samuti kui vaadata superarvutite valdkonda (k\u00f5ige kiireimad arvutid maailmas), siis need kasutavad peaaegu eksklusiivselt Linuxit.<\/p>\n<p>&nbsp;<\/p>\n<\/div><\/li><li class=\"accordion__item \"><div class=\"accordion__header \" \r\n                id=\"accordion-header-post-6024\"\r\n                role=\"button\"\r\n                aria-expanded=\"false\"\r\n                aria-controls=\"accordion-content-post-6024\"\r\n                data-id=\"post-6024\" \r\n                data-item=\"hfaq-post-6024\" \r\n                style=\"background:transparent;\" \r\n                data-tags=\"\"\r\n                tabindex=\"0\"><div class=\"accordion__title\">Kas ma saan aine tehtud ilma Linuxit kasutamata?<\/div><\/div><div id=\"accordion-content-post-6024\" \r\n                class=\"accordion__body\" \r\n                role=\"region\"\r\n                aria-labelledby=\"accordion-header-post-6024\"\r\n                style=\"background:transparent;\"><p>Jah. Programmeerimine 1 aine l\u00e4bimine on v\u00f5imalik ilma Linuxita <strong>aga<\/strong><\/p>\n<ul>\n<li>Sa ei saa t\u00e4it kogemust sellest mida soovime sulle edasi anda.<\/li>\n<li>Osade praktikumidega pead tegema lisat\u00f6\u00f6d selleks, et saada \u00fclesanded lahendatud.<\/li>\n<li>P\u00e4ris k\u00f5iki praktikume ei ole v\u00f5imalik lahendada ilma Linuxit kasutamata.<\/li>\n<\/ul>\n<p>Programmeerimine 2 ainet l\u00e4bida ilma Linuxit kasutamata on keeruline, kui mitte v\u00f5imatu.<\/p>\n<\/div><\/li><li class=\"accordion__item \"><div class=\"accordion__header \" \r\n                id=\"accordion-header-post-6026\"\r\n                role=\"button\"\r\n                aria-expanded=\"false\"\r\n                aria-controls=\"accordion-content-post-6026\"\r\n                data-id=\"post-6026\" \r\n                data-item=\"hfaq-post-6026\" \r\n                style=\"background:transparent;\" \r\n                data-tags=\"\"\r\n                tabindex=\"0\"><div class=\"accordion__title\">Miks C? Miks mitte Java\/Python\/...?<\/div><\/div><div id=\"accordion-content-post-6026\" \r\n                class=\"accordion__body\" \r\n                role=\"region\"\r\n                aria-labelledby=\"accordion-header-post-6026\"\r\n                style=\"background:transparent;\"><p>C keele valikul on mitmeid p\u00f5hjuseid.<\/p>\n<p>Esiteks on see keel erialaselt sobilik. Erialadel kus seda ainet \u00f5petatakse on l\u00e4hedane kokkupuude riistvaraga ja C on v\u00f5rdlemisi masinal\u00e4hedane keel, mis on n\u00e4iteks sobilik mikrokontrollerite programmeerimiseks.<\/p>\n<p>Teiseks on see pedagoogiliselt hea keel &#8211; tegu on riistvarale l\u00e4hedase keelega, mis annab sulle suurep\u00e4rase arusaama miks asjad maailmas t\u00f6\u00f6tavad nii nagu nad t\u00f6\u00f6tavad. Saades aru probleemi juurest\u00a0 on lihtsam probleeme m\u00f5ista ning lahendusi otsida. Seda juba \u00fcksk\u00f5ik mis programmeerimiskeeles v\u00f5i situatsioonis.<\/p>\n<p>Kolmandaks on tegu laiatarbekeelega &#8211; st sisuliselt on v\u00f5imalik programmeerida k\u00f5ike mida soovid. Kuigi siinpuhul on oluline mainida, et valida tuleks siiski eesm\u00e4rgile sobilik\u00a0 keel &#8211; veebiarendust v\u00f5i m\u00f5nda suuremahulist kasutajarakendust sellega teha ilmselt m\u00f5istlik pole.<\/p>\n<p>Neljandaks on tegu lihtsa keelega &#8211; st sellel keelel puuduvad k\u00f5iksugu keerukad ja mahukad v\u00f5imalused mida teised keeled pakuvad. Sedasi on hea arendada v\u00e4lja oma loogikat ja arusaama programmeerimisest ning loogikast ilma liigselt segadust tekitamata k\u00f5igi v\u00f5imalik v\u00f5imaluste vahel.<\/p>\n<p>Viimaks on oluline mainida, et kui oled \u00fche keele h\u00e4sti selgeks \u00f5ppinud, siis teistele keeltele \u00fcleminek on v\u00e4ga lihtne ja v\u00f5tab oluliselt v\u00e4hem aega. Programmeerimine 1 aine eesm\u00e4rk on \u00f5petada siiski eelk\u00f5ige algoritmilist m\u00f5tlemisviisi, C keel on vaid vahend selle realiseerimiseks. Laiemas pildis ei ole \u00fchtegi arendajat, kelle pagasis oleks vaid \u00fcks programmeerimiskeel.<\/p>\n<\/div><\/li><li class=\"accordion__item \"><div class=\"accordion__header \" \r\n                id=\"accordion-header-post-5990\"\r\n                role=\"button\"\r\n                aria-expanded=\"false\"\r\n                aria-controls=\"accordion-content-post-5990\"\r\n                data-id=\"post-5990\" \r\n                data-item=\"hfaq-post-5990\" \r\n                style=\"background:transparent;\" \r\n                data-tags=\"\"\r\n                tabindex=\"0\"><div class=\"accordion__title\">Miks me kasutame Geanyt? Kas ma v\u00f5in midagi muud kasutada?<\/div><\/div><div id=\"accordion-content-post-5990\" \r\n                class=\"accordion__body\" \r\n                role=\"region\"\r\n                aria-labelledby=\"accordion-header-post-5990\"\r\n                style=\"background:transparent;\"><p>Geany v\u00f5lu peitub selle lihtsuses. Tegu on esmaste programmeerimisainetega, mille eesm\u00e4rgiks on aluste \u00f5petamine. Geany ei sisalda keerukat funktsionaalsust, mille \u00f5ppimine v\u00f5taks kaua aega &#8211; me eesm\u00e4rk pole \u00f5ppida redaktorit kasutama, vaid koodima ja m\u00f5tlema.<\/p>\n<p>Programmeerimine 1 ja 2 ainetes on lubatud kasutada endale meelep\u00e4rast koodiredaktorit, kuid sellisel juhul vastutad sina selle seadistamise eest.<\/p>\n<\/div><\/li><li class=\"accordion__item \"><div class=\"accordion__header \" \r\n                id=\"accordion-header-post-5992\"\r\n                role=\"button\"\r\n                aria-expanded=\"false\"\r\n                aria-controls=\"accordion-content-post-5992\"\r\n                data-id=\"post-5992\" \r\n                data-item=\"hfaq-post-5992\" \r\n                style=\"background:transparent;\" \r\n                data-tags=\"\"\r\n                tabindex=\"0\"><div class=\"accordion__title\">Miks me kasutame Linuxit?<\/div><\/div><div id=\"accordion-content-post-5992\" \r\n                class=\"accordion__body\" \r\n                role=\"region\"\r\n                aria-labelledby=\"accordion-header-post-5992\"\r\n                style=\"background:transparent;\"><p>Linux on t\u00f6\u00f6vahend nagu iga teine. Oskus valida k\u00e4sil oleva t\u00f6\u00f6 jaoks sobilik t\u00f6\u00f6vahend on oluline. Tarkvara arenduse m\u00f5ttes on Linux enamjaolt eelistatud t\u00f6\u00f6vahend.<\/p>\n<p>Tudengina on ka oluline mitte kinnistuda vaid \u00fchele platvormile, vaid avastada erinevate platvormide eeliseid ja puuduseid.<\/p>\n<\/div><\/li><li class=\"accordion__item \"><div class=\"accordion__header \" \r\n                id=\"accordion-header-post-6033\"\r\n                role=\"button\"\r\n                aria-expanded=\"false\"\r\n                aria-controls=\"accordion-content-post-6033\"\r\n                data-id=\"post-6033\" \r\n                data-item=\"hfaq-post-6033\" \r\n                style=\"background:transparent;\" \r\n                data-tags=\"\"\r\n                tabindex=\"0\"><div class=\"accordion__title\">Miks me kasutame UMLi? Keegi ei kasuta seda ju?<\/div><\/div><div id=\"accordion-content-post-6033\" \r\n                class=\"accordion__body\" \r\n                role=\"region\"\r\n                aria-labelledby=\"accordion-header-post-6033\"\r\n                style=\"background:transparent;\"><p>Kasutab ikka. Dokumenteerimisvajadus on v\u00e4ga erinev s\u00f5ltuvalt ettev\u00f5ttest. N\u00e4iteks kui <em>startupis<\/em> on dokumenteerimine minimaalne, siis pangandus- v\u00f5i militaarsektoris on see olulisel kohal. K\u00f5ik s\u00f5ltub mida tulevikus tegema satud. Samuti v\u00f5ib juhtuda, et UMLi asemel on otsustatud kasutada m\u00f5nda teist formaalset \u00fcleskirjutusviisi.<\/p>\n<p>Sellegipoolest on oskus modelleerida vajalik, eriti kui projekti kallal toimetab palju inimesi korraga &#8211; k\u00f5ik neist peavad saama asjast aru \u00fchtemoodi ja keegi ei taha, et iga v\u00e4iksemagi k\u00fcsimuse korral neid t\u00fclitama tuldaks. Modelleerimine on korraliku dokumenteerimise osa ja see aitab v\u00e4hendada asjatuid koosolekuid ja \u00fcksteise segamist.<\/p>\n<\/div><\/li><\/ul><\/div><\/div><\/article><h3 class='accordion__heading accordion__category' id=\"accordion-header-term-124\" data-item=\"hfaq-term-124\" data-id=\"term-124\">Aine korraldus<\/h3><article class=\"accordion \"><div class='helpie-faq-row'><div class='helpie-faq-col helpie-faq-col-12' ><ul><li class=\"accordion__item \"><div class=\"accordion__header \" \r\n                id=\"accordion-header-post-6093\"\r\n                role=\"button\"\r\n                aria-expanded=\"false\"\r\n                aria-controls=\"accordion-content-post-6093\"\r\n                data-id=\"post-6093\" \r\n                data-item=\"hfaq-post-6093\" \r\n                style=\"background:transparent;\" \r\n                data-tags=\"\"\r\n                tabindex=\"0\"><div class=\"accordion__title\">J\u00e4in haigeks, mis n\u00fc\u00fcd saab?<\/div><\/div><div id=\"accordion-content-post-6093\" \r\n                class=\"accordion__body\" \r\n                role=\"region\"\r\n                aria-labelledby=\"accordion-header-post-6093\"\r\n                style=\"background:transparent;\"><p>Kirjuta mulle enne tunni toimumist Mattermosti, hilinemist haigestumise korral ei rakendu. Seej\u00e4rel lepime kokku ka t\u00e4htaegade pikendamise, et k\u00f5ik tehtud ja j\u00e4rele j\u00f5uaksid. J\u00e4rgmine kord tundi tulles esita \u00fclesanded nende n\u00e4dalate kohta kus osaleda ei saanud.<\/p>\n<\/div><\/li><li class=\"accordion__item \"><div class=\"accordion__header \" \r\n                id=\"accordion-header-post-6082\"\r\n                role=\"button\"\r\n                aria-expanded=\"false\"\r\n                aria-controls=\"accordion-content-post-6082\"\r\n                data-id=\"post-6082\" \r\n                data-item=\"hfaq-post-6082\" \r\n                style=\"background:transparent;\" \r\n                data-tags=\"\"\r\n                tabindex=\"0\"><div class=\"accordion__title\">Kas ma pean tegema ka lisa\u00fclesandeid?<\/div><\/div><div id=\"accordion-content-post-6082\" \r\n                class=\"accordion__body\" \r\n                role=\"region\"\r\n                aria-labelledby=\"accordion-header-post-6082\"\r\n                style=\"background:transparent;\"><p>Maksimaalse tulemuse saavutamiseks peaksid lahendama lisa\u00fclesannete hulgast v\u00e4hemalt m\u00f5ned \u00fclesanded. K\u00f5iki sooritama ei pea.<\/p>\n<p>Lisa\u00fclesannete lahendamise esimene eesm\u00e4rk peaks olema enda kogemuste laiendamine. Programmeerimine on oskus, mis vajab pidevat treenimist.<\/p>\n<p>Lisa\u00fclesannete eest saadavate punktidega saab ka \u00fchtlasi kompenseerida tegemata j\u00e4\u00e4nud v\u00f5i hilinenult esitatud praktikumi\u00fclesannete eest v\u00e4hem saadud punkte. Lisaks v\u00f5imaldab see maksimaalse praktikumi tulemuse saavutada m\u00f5ni n\u00e4dal enne l\u00f5ppu &#8211; sedasi on semestri l\u00f5pus v\u00e4hem muret punktide p\u00e4rast.<\/p>\n<\/div><\/li><li class=\"accordion__item \"><div class=\"accordion__header \" \r\n                id=\"accordion-header-post-6019\"\r\n                role=\"button\"\r\n                aria-expanded=\"false\"\r\n                aria-controls=\"accordion-content-post-6019\"\r\n                data-id=\"post-6019\" \r\n                data-item=\"hfaq-post-6019\" \r\n                style=\"background:transparent;\" \r\n                data-tags=\"\"\r\n                tabindex=\"0\"><div class=\"accordion__title\">Kas ma v\u00f5in kasutada enda arvutit kontrollt\u00f6\u00f6 \/ eksami ajal?<\/div><\/div><div id=\"accordion-content-post-6019\" \r\n                class=\"accordion__body\" \r\n                role=\"region\"\r\n                aria-labelledby=\"accordion-header-post-6019\"\r\n                style=\"background:transparent;\"><p>Ei. T\u00f6\u00f6de ajal tohid kasutada vaid kooliarvutit.<\/p>\n<\/div><\/li><li class=\"accordion__item \"><div class=\"accordion__header \" \r\n                id=\"accordion-header-post-6072\"\r\n                role=\"button\"\r\n                aria-expanded=\"false\"\r\n                aria-controls=\"accordion-content-post-6072\"\r\n                data-id=\"post-6072\" \r\n                data-item=\"hfaq-post-6072\" \r\n                style=\"background:transparent;\" \r\n                data-tags=\"\"\r\n                tabindex=\"0\"><div class=\"accordion__title\">Kas ma v\u00f5in kasutada enda arvutit praktikumis?<\/div><\/div><div id=\"accordion-content-post-6072\" \r\n                class=\"accordion__body\" \r\n                role=\"region\"\r\n                aria-labelledby=\"accordion-header-post-6072\"\r\n                style=\"background:transparent;\"><p>Jah, v\u00f5id. Sellisel juhul oled sa ise vastutav, et su tarkvaraplatvorm oleks \u00fchilduv ja t\u00f6\u00f6tab.<\/p>\n<p>M\u00f5nes praktikumitunnis v\u00f5ib tekkida ka vajadus kasutada kooliarvutit &#8211; n\u00e4iteks v\u00f5ime kasutada m\u00f5nda t\u00e4iendavat teeki, mida sul ei ole.<\/p>\n<p>Arvesta, et kontrollt\u00f6\u00f6 ja eksami ajal oled sa kohustatud kooliarvutit kasutama!<\/p>\n<\/div><\/li><li class=\"accordion__item \"><div class=\"accordion__header \" \r\n                id=\"accordion-header-post-6044\"\r\n                role=\"button\"\r\n                aria-expanded=\"false\"\r\n                aria-controls=\"accordion-content-post-6044\"\r\n                data-id=\"post-6044\" \r\n                data-item=\"hfaq-post-6044\" \r\n                style=\"background:transparent;\" \r\n                data-tags=\"\"\r\n                tabindex=\"0\"><div class=\"accordion__title\">Kui palju punkte saab iga praktikumi \u00fclesande eest?<\/div><\/div><div id=\"accordion-content-post-6044\" \r\n                class=\"accordion__body\" \r\n                role=\"region\"\r\n                aria-labelledby=\"accordion-header-post-6044\"\r\n                style=\"background:transparent;\"><p>\u00dclesannete punktid varieeruvad vastavalt nende keerukusele, t\u00fckeldusele ja t\u00fc\u00fcbile.<\/p>\n<p>Baas\u00fclesanded annavad tavap\u00e4raselt 8 &#8211; 12 punkti vahemikus. Lisa\u00fclesanded ja kodut\u00f6\u00f6d j\u00e4\u00e4vad 3 ja 6 punkti vahele.<\/p>\n<p>M\u00f5nel juhul v\u00f5ib v\u00e4ga mahukas \u00fclesanne anda ka rohkem punkte. Samuti v\u00f5ib olla mahukas \u00fclesanne jagatud v\u00e4iksemateks alamosadeks, mille iga osa annab v\u00e4hem punkte eelmainitust, kuid tervikuna saadav punktisumma j\u00e4llegi suurem.<\/p>\n<\/div><\/li><li class=\"accordion__item \"><div class=\"accordion__header \" \r\n                id=\"accordion-header-post-6029\"\r\n                role=\"button\"\r\n                aria-expanded=\"false\"\r\n                aria-controls=\"accordion-content-post-6029\"\r\n                data-id=\"post-6029\" \r\n                data-item=\"hfaq-post-6029\" \r\n                style=\"background:transparent;\" \r\n                data-tags=\"\"\r\n                tabindex=\"0\"><div class=\"accordion__title\">Kuidas saada teada mis mul praktikumis tegemata?<\/div><\/div><div id=\"accordion-content-post-6029\" \r\n                class=\"accordion__body\" \r\n                role=\"region\"\r\n                aria-labelledby=\"accordion-header-post-6029\"\r\n                style=\"background:transparent;\"><p>\u00dclesannete seisud laeme \u00fcles Moodlesse. Ava kursuse all oma hinneteleht ja vaata tagasiside lahtrisse. NB! tagasiside ei ole n\u00e4htav, kui avada \u00fclesanne otse t\u00e4nu Moodle veidrustele.<\/p>\n<p>Punktide ja \u00fclesannete kaitsmise oleku uuendamine toimub tavap\u00e4raselt iga kahe n\u00e4dala tagant.<\/p>\n<\/div><\/li><li class=\"accordion__item \"><div class=\"accordion__header \" \r\n                id=\"accordion-header-post-6031\"\r\n                role=\"button\"\r\n                aria-expanded=\"false\"\r\n                aria-controls=\"accordion-content-post-6031\"\r\n                data-id=\"post-6031\" \r\n                data-item=\"hfaq-post-6031\" \r\n                style=\"background:transparent;\" \r\n                data-tags=\"\"\r\n                tabindex=\"0\"><div class=\"accordion__title\">Kust ma n\u00e4en tagasisidet oma esitatud t\u00f6\u00f6dele?<\/div><\/div><div id=\"accordion-content-post-6031\" \r\n                class=\"accordion__body\" \r\n                role=\"region\"\r\n                aria-labelledby=\"accordion-header-post-6031\"\r\n                style=\"background:transparent;\"><p>Praktikumi\u00fclesannete lahenduste\u00a0 kohta anname tagasisidet jooksvalt tunnis ning kaitsmisel.<\/p>\n<p>Kodut\u00f6\u00f6de tagasiside leiad Moodlest esitatud t\u00f6\u00f6 alt, kui avad kommentaaride v\u00e4lja.<\/p>\n<p>Testide ja eksami kohta tagasiside saamiseks tule ja k\u00fcsi otse oma praktikumi juhendaja k\u00e4est.<\/p>\n<\/div><\/li><li class=\"accordion__item \"><div class=\"accordion__header \" \r\n                id=\"accordion-header-post-6084\"\r\n                role=\"button\"\r\n                aria-expanded=\"false\"\r\n                aria-controls=\"accordion-content-post-6084\"\r\n                data-id=\"post-6084\" \r\n                data-item=\"hfaq-post-6084\" \r\n                style=\"background:transparent;\" \r\n                data-tags=\"\"\r\n                tabindex=\"0\"><div class=\"accordion__title\">Ma ei j\u00f5udnud \u00fclesannet tunnis valmis, mis n\u00fc\u00fcd saab?<\/div><\/div><div id=\"accordion-content-post-6084\" \r\n                class=\"accordion__body\" \r\n                role=\"region\"\r\n                aria-labelledby=\"accordion-header-post-6084\"\r\n                style=\"background:transparent;\"><p>Praktikumi \u00fclesandeid on v\u00f5imalik esitada kuni 3 n\u00e4dalat p\u00e4rast tundi, kus see anti. Erandina pole v\u00f5imalik kaitsta \u00fclesandeid, mille lahendus on \u00fcles laetud koodin\u00e4itena terviklikul kujul ning p\u00e4rast praktiku punktide lukustumise kuup\u00e4eva.<\/p>\n<p>Baas\u00fclesandeid on v\u00f5imalik kaitsta kuni n\u00e4dal aega hiljem ilma punkte kaotamata. Esitades baas\u00fclesande 2 kuni 3 n\u00e4dalat p\u00e4rast tundi v\u00f5etakse nominaalpunktidest maha ~25%. Lisa\u00fclesannetele koefitsienti ei rakendata.<\/p>\n<p>Alates neljandast n\u00e4dalast p\u00e4rast praktikumi tundi enam \u00fclesannet esitada ei ole v\u00f5imalik.<\/p>\n<p>N\u00e4ide: Neljandal n\u00e4dalal antakse praktikumis baas\u00fclesanne v\u00e4\u00e4rtusega 10 punkti. Seda \u00fclesannet on v\u00f5imalik esitada 4. ja 5. n\u00e4dalal ning saada selle eest 10 punkti. Esitades \u00fclesande 6. v\u00f5i 7. n\u00e4dalal on v\u00f5imalik saada selle eest 7.50 punkti. 8. n\u00e4dalal seda \u00fclesannet enam esitada ei saa.<\/p>\n<p>\u00dclesande tagantj\u00e4rgi kaitsmise soovist anna meile tunnis m\u00e4rku.<\/p>\n<\/div><\/li><li class=\"accordion__item \"><div class=\"accordion__header \" \r\n                id=\"accordion-header-post-6056\"\r\n                role=\"button\"\r\n                aria-expanded=\"false\"\r\n                aria-controls=\"accordion-content-post-6056\"\r\n                data-id=\"post-6056\" \r\n                data-item=\"hfaq-post-6056\" \r\n                style=\"background:transparent;\" \r\n                data-tags=\"\"\r\n                tabindex=\"0\"><div class=\"accordion__title\">Ma juba oskan progeda, kas ma pean k\u00f5ik ikka kaasa tegema?<\/div><\/div><div id=\"accordion-content-post-6056\" \r\n                class=\"accordion__body\" \r\n                role=\"region\"\r\n                aria-labelledby=\"accordion-header-post-6056\"\r\n                style=\"background:transparent;\"><p>Ei pea. Programmeerimine 1 aine alguses on v\u00f5imalik teha sinu oskustes hindamine. Selleks tuleb sooritada mahukas t\u00e4iendav kodune t\u00f6\u00f6 ning see kohapeal kaitsta.<\/p>\n<p>\u00dclesanded tuleb lahendada C keeles. \u00dclesannete teemad on koosk\u00f5las aine sisuga.<\/p>\n<p>Koduse \u00fclesande saamiseks v\u00f5ta aine \u00f5ppej\u00f5uga \u00fchendust esimese \u00f5ppen\u00e4dala jooksul!<\/p>\n<p>Eduka soorituse korral saad endale eksamieelduse ja praktikumidest osa v\u00f5tma ei pea. Seej\u00e4rel tuleb sul sooritada veel kodut\u00f6\u00f6d ja eksam ning ongi aine tehtud.<\/p>\n<p>Programmeerimine 2 aine tuleb sooritada terves ulatuses.<\/p>\n<\/div><\/li><\/ul><\/div><\/div><\/article><\/section>\n<p>&nbsp;<\/p>\n","protected":false},"excerpt":{"rendered":"<p>&nbsp;<\/p>\n","protected":false},"author":1,"featured_media":0,"parent":1425,"menu_order":10,"comment_status":"closed","ping_status":"closed","template":"page-templates\/code-width-wide.php","meta":{"footnotes":""},"class_list":["post-7136","page","type-page","status-publish","hentry"],"_links":{"self":[{"href":"https:\/\/blue.pri.ee\/ttu\/wp-json\/wp\/v2\/pages\/7136","targetHints":{"allow":["GET"]}}],"collection":[{"href":"https:\/\/blue.pri.ee\/ttu\/wp-json\/wp\/v2\/pages"}],"about":[{"href":"https:\/\/blue.pri.ee\/ttu\/wp-json\/wp\/v2\/types\/page"}],"author":[{"embeddable":true,"href":"https:\/\/blue.pri.ee\/ttu\/wp-json\/wp\/v2\/users\/1"}],"replies":[{"embeddable":true,"href":"https:\/\/blue.pri.ee\/ttu\/wp-json\/wp\/v2\/comments?post=7136"}],"version-history":[{"count":1,"href":"https:\/\/blue.pri.ee\/ttu\/wp-json\/wp\/v2\/pages\/7136\/revisions"}],"predecessor-version":[{"id":10744,"href":"https:\/\/blue.pri.ee\/ttu\/wp-json\/wp\/v2\/pages\/7136\/revisions\/10744"}],"up":[{"embeddable":true,"href":"https:\/\/blue.pri.ee\/ttu\/wp-json\/wp\/v2\/pages\/1425"}],"wp:attachment":[{"href":"https:\/\/blue.pri.ee\/ttu\/wp-json\/wp\/v2\/media?parent=7136"}],"curies":[{"name":"wp","href":"https:\/\/api.w.org\/{rel}","templated":true}]}}