{"id":748,"date":"2016-03-07T07:00:03","date_gmt":"2016-03-07T05:00:03","guid":{"rendered":"http:\/\/www.blue.pri.ee\/ttu\/?page_id=748"},"modified":"2026-04-17T12:40:13","modified_gmt":"2026-04-17T10:40:13","slug":"kodutoo-iii","status":"publish","type":"page","link":"https:\/\/blue.pri.ee\/ttu\/programmeerimine-ii\/kodutoo-iii\/","title":{"rendered":"Kodut\u00f6\u00f6 III"},"content":{"rendered":"<p>Kodut\u00f6\u00f6 3 jaoks v\u00f5id ise valida v\u00e4lja omale meelep\u00e4rase variandi meie pakutute hulgast.<\/p>\n<p>Kodut\u00f6\u00f6 3 maksimaalne punktsumma on 75p.<\/p>\n<p>Igal variandil on m\u00e4\u00e4ratud eraldi juhendaja. \u00dclesande p\u00fcstituse, n\u00f5uded ja kaitsmise korralduse m\u00e4\u00e4rab vastava \u00fclesande juhendaja. Juhendaja v\u00f5ib n\u00f5uda kohapeal kaitsmise sooritamist!<\/p>\n<h2>T\u00e4htaeg<\/h2>\n<p>K\u00f5igi kodut\u00f6\u00f6 3 variantide t\u00e4htaeg on<strong> 7. juuni 2026.<\/strong><\/p>\n<h2><strong>Meie poolt pakutavad \u00fclesanded<\/strong><\/h2>\n<ul>\n<li>K\u00e4sureap\u00f5hise kasutajaliidese kirjutamine SQL andmebaasile &#8211;\u00a0 <a href=\"https:\/\/blue.pri.ee\/ttu\/programmeerimine-ii\/kodutoo-iii\/kodutoo-3-variant-sql\/\"><strong>\u00dclesanne<\/strong><\/a><\/li>\n<li>K\u00e4surep\u00f5hine t\u00f6\u00f6riist kohaliku ilmateate vaatamiseks: <strong><a href=\"https:\/\/blue.pri.ee\/ttu\/programmeerimine-ii\/kodutoo-iii\/kodutoo-iii-variant-kohalik-ilmateade\/\">\u00dclesanne<\/a><\/strong><\/li>\n<li>Kodut\u00f6\u00f6 2: Abstraktsete andmestruktuuride variant &#8211; <strong><a href=\"https:\/\/blue.pri.ee\/ttu\/programmeerimine-ii\/kodutoo-iii\/kodutoo-iii-variant-kodutoo-2-jatk\/\">\u00dclesanne<\/a><\/strong><\/li>\n<li>Mikrokontrolleri \u00fclesanne &#8211; <strong><a href=\"https:\/\/blue.pri.ee\/ttu\/programmeerimine-ii\/kodutoo-iii\/kodutoo-iii-variant-mikrokontrolleril-postfix\/\">\u00fclesanne<\/a><\/strong><\/li>\n<li><del>Kodut\u00f6\u00f6 2: Graafilise kasutajaliidese variant &#8211; \u00dclesanne<\/del><\/li>\n<li><del>Riigi avaandmeid kasutav veebiteenus &#8211; \u00dclesanne<\/del><\/li>\n<li><del>Failipuu anal\u00fc\u00fcsi ja puhastamise t\u00f6\u00f6riist &#8211; \u00dclesanne<\/del><\/li>\n<\/ul>\n<p>NB! Hetkel mittesaadaval olevaid variante <strong>on v\u00f5imalik siiski sooritada<\/strong> kui pakud v\u00e4lja enda versiooni vastava teema p\u00fcstitusest ning saad selleks heakskiidu. Kokkuleppe sellise versiooni jaoks peab olema saavutatud <strong>hiljemalt 30.04.2026.<\/strong><\/p>\n<p>Meie poolt pakutavate variantide lahendamisel eraldi kokkulepet vaja ei ole!<\/p>\n","protected":false},"excerpt":{"rendered":"<p>Kodut\u00f6\u00f6 3 jaoks v\u00f5id ise valida v\u00e4lja omale meelep\u00e4rase variandi meie pakutute hulgast. Kodut\u00f6\u00f6 3 maksimaalne punktsumma on 75p. Igal variandil on m\u00e4\u00e4ratud eraldi juhendaja. \u00dclesande p\u00fcstituse, n\u00f5uded ja kaitsmise korralduse m\u00e4\u00e4rab vastava \u00fclesande juhendaja. Juhendaja v\u00f5ib n\u00f5uda kohapeal kaitsmise sooritamist! T\u00e4htaeg K\u00f5igi kodut\u00f6\u00f6 3 variantide t\u00e4htaeg on 7. juuni 2026. Meie poolt pakutavad \u00fclesanded &hellip; <a href=\"https:\/\/blue.pri.ee\/ttu\/programmeerimine-ii\/kodutoo-iii\/\" class=\"more-link\">Loe edasi <span class=\"screen-reader-text\">Kodut\u00f6\u00f6 III<\/span> <span class=\"meta-nav\">&rarr;<\/span><\/a><\/p>\n","protected":false},"author":1,"featured_media":0,"parent":17,"menu_order":4,"comment_status":"closed","ping_status":"closed","template":"page-templates\/code-width.php","meta":{"footnotes":""},"class_list":["post-748","page","type-page","status-publish","hentry"],"_links":{"self":[{"href":"https:\/\/blue.pri.ee\/ttu\/wp-json\/wp\/v2\/pages\/748","targetHints":{"allow":["GET"]}}],"collection":[{"href":"https:\/\/blue.pri.ee\/ttu\/wp-json\/wp\/v2\/pages"}],"about":[{"href":"https:\/\/blue.pri.ee\/ttu\/wp-json\/wp\/v2\/types\/page"}],"author":[{"embeddable":true,"href":"https:\/\/blue.pri.ee\/ttu\/wp-json\/wp\/v2\/users\/1"}],"replies":[{"embeddable":true,"href":"https:\/\/blue.pri.ee\/ttu\/wp-json\/wp\/v2\/comments?post=748"}],"version-history":[{"count":14,"href":"https:\/\/blue.pri.ee\/ttu\/wp-json\/wp\/v2\/pages\/748\/revisions"}],"predecessor-version":[{"id":11359,"href":"https:\/\/blue.pri.ee\/ttu\/wp-json\/wp\/v2\/pages\/748\/revisions\/11359"}],"up":[{"embeddable":true,"href":"https:\/\/blue.pri.ee\/ttu\/wp-json\/wp\/v2\/pages\/17"}],"wp:attachment":[{"href":"https:\/\/blue.pri.ee\/ttu\/wp-json\/wp\/v2\/media?parent=748"}],"curies":[{"name":"wp","href":"https:\/\/api.w.org\/{rel}","templated":true}]}}